{"id":1524,"date":"2023-03-31T13:19:15","date_gmt":"2023-03-31T11:19:15","guid":{"rendered":"https:\/\/gptagent.ai\/ru\/?page_id=1524"},"modified":"2023-03-31T13:59:08","modified_gmt":"2023-03-31T11:59:08","slug":"chernovik","status":"publish","type":"page","link":"https:\/\/gptagent.ai\/tr\/chernovik\/","title":{"rendered":"\u0427\u0435\u0440\u043d\u043e\u0432\u0438\u043a"},"content":{"rendered":"<\/p>\n<!-- \/wp:paragraph -->\n\n<!-- wp:image {\"id\":323,\"sizeSlug\":\"full\",\"linkDestination\":\"none\"} -->\n<figure class=\"wp-block-image size-full\"><img decoding=\"async\" width=\"874\" height=\"620\" src=\"https:\/\/gptagent.ai\/wp-content\/uploads\/2023\/03\/1.png\" alt=\"\" class=\"wp-image-323\" srcset=\"https:\/\/gptagent.ai\/wp-content\/uploads\/2023\/03\/1.png 874w, https:\/\/gptagent.ai\/wp-content\/uploads\/2023\/03\/1-300x213.png 300w, https:\/\/gptagent.ai\/wp-content\/uploads\/2023\/03\/1-768x545.png 768w\" sizes=\"(max-width: 874px) 100vw, 874px\" \/><\/figure>\n<!-- \/wp:image -->\n\n<!-- wp:paragraph -->\n<p>\u0410\u0431\u0437\u0430\u0446 \u0442\u0435\u043a\u0441\u0442 \u0434\u043b\u044f \u043f\u0440\u043e\u0432\u0435\u0440\u043a\u0438 \u0448\u0438\u0440\u0438\u043d\u044b \u0441\u043e\u043e\u0431\u0449\u0435\u043d\u0438\u044f<\/p>\n<!-- \/wp:paragraph -->\n\n<!-- wp:buttons {\"layout\":{\"type\":\"flex\",\"justifyContent\":\"center\"}} -->\n<div class=\"wp-block-buttons\"><!-- wp:button {\"backgroundColor\":\"secondary\",\"textColor\":\"textondark\"} -->\n<div class=\"wp-block-button\"><a class=\"wp-block-button__link has-textondark-color has-secondary-background-color has-text-color has-background wp-element-button\">\u041f\u0440\u043e\u0447\u0438\u0442\u0430\u0442\u044c<\/a><\/div>\n<!-- \/wp:button --><\/div>\n<!-- \/wp:buttons --><\/div><\/div><\/div><\/div><\/div>\n<!-- \/wp:getwid\/section --><\/div>\n<!-- \/wp:column -->\n\n<!-- wp:column -->\n<div class=\"wp-block-column\"><!-- wp:getwid\/section {\"skipLayout\":true,\"ifso_condition_rules\":{},\"ifso_aud_addrm\":{}} -->\n<div class=\"wp-block-getwid-section\"><div class=\"wp-block-getwid-section__wrapper\"><div class=\"wp-block-getwid-section__inner-wrapper\"><div class=\"wp-block-getwid-section__background-holder\"><div class=\"wp-block-getwid-section__background\"><\/div><div class=\"wp-block-getwid-section__foreground\"><\/div><\/div><div class=\"wp-block-getwid-section__content\"><div class=\"wp-block-getwid-section__inner-content\"><!-- wp:image {\"id\":325,\"sizeSlug\":\"full\",\"linkDestination\":\"none\",\"style\":{\"color\":{\"duotone\":[\"#000000\",\"#ffffff\"]}}} -->\n<figure class=\"wp-block-image size-full\"><img decoding=\"async\" width=\"874\" height=\"620\" src=\"https:\/\/gptagent.ai\/wp-content\/uploads\/2023\/03\/3.png\" alt=\"\" class=\"wp-image-325\" srcset=\"https:\/\/gptagent.ai\/wp-content\/uploads\/2023\/03\/3.png 874w, https:\/\/gptagent.ai\/wp-content\/uploads\/2023\/03\/3-300x213.png 300w, https:\/\/gptagent.ai\/wp-content\/uploads\/2023\/03\/3-768x545.png 768w\" sizes=\"(max-width: 874px) 100vw, 874px\" \/><\/figure>\n<!-- \/wp:image --><\/div><\/div><\/div><\/div><\/div>\n<!-- \/wp:getwid\/section --><\/div>\n<!-- \/wp:column -->\n\n<!-- wp:column -->\n<div class=\"wp-block-column\"><!-- wp:getwid\/section {\"skipLayout\":true,\"ifso_condition_rules\":{},\"ifso_aud_addrm\":{}} -->\n<div class=\"wp-block-getwid-section\"><div class=\"wp-block-getwid-section__wrapper\"><div class=\"wp-block-getwid-section__inner-wrapper\"><div class=\"wp-block-getwid-section__background-holder\"><div class=\"wp-block-getwid-section__background\"><\/div><div class=\"wp-block-getwid-section__foreground\"><\/div><\/div><div class=\"wp-block-getwid-section__content\"><div class=\"wp-block-getwid-section__inner-content\"><!-- wp:image {\"id\":325,\"sizeSlug\":\"full\",\"linkDestination\":\"none\",\"style\":{\"color\":{\"duotone\":[\"#000000\",\"#ffffff\"]}}} -->\n<figure class=\"wp-block-image size-full\"><img decoding=\"async\" width=\"874\" height=\"620\" src=\"https:\/\/gptagent.ai\/wp-content\/uploads\/2023\/03\/3.png\" alt=\"\" class=\"wp-image-325\" srcset=\"https:\/\/gptagent.ai\/wp-content\/uploads\/2023\/03\/3.png 874w, https:\/\/gptagent.ai\/wp-content\/uploads\/2023\/03\/3-300x213.png 300w, https:\/\/gptagent.ai\/wp-content\/uploads\/2023\/03\/3-768x545.png 768w\" sizes=\"(max-width: 874px) 100vw, 874px\" \/><\/figure>\n<!-- \/wp:image --><\/div><\/div><\/div><\/div><\/div>\n<!-- \/wp:getwid\/section --><\/div>\n<!-- \/wp:column -->\n\n<!-- wp:column -->\n<div class=\"wp-block-column\"><!-- wp:getwid\/section {\"skipLayout\":true,\"ifso_condition_rules\":{},\"ifso_aud_addrm\":{}} -->\n<div class=\"wp-block-getwid-section\"><div class=\"wp-block-getwid-section__wrapper\"><div class=\"wp-block-getwid-section__inner-wrapper\"><div class=\"wp-block-getwid-section__background-holder\"><div class=\"wp-block-getwid-section__background\"><\/div><div class=\"wp-block-getwid-section__foreground\"><\/div><\/div><div class=\"wp-block-getwid-section__content\"><div class=\"wp-block-getwid-section__inner-content\"><!-- wp:image {\"id\":325,\"sizeSlug\":\"full\",\"linkDestination\":\"none\",\"style\":{\"color\":{\"duotone\":[\"#000000\",\"#ffffff\"]}}} -->\n<figure class=\"wp-block-image size-full\"><img decoding=\"async\" width=\"874\" height=\"620\" src=\"https:\/\/gptagent.ai\/wp-content\/uploads\/2023\/03\/3.png\" alt=\"\" class=\"wp-image-325\" srcset=\"https:\/\/gptagent.ai\/wp-content\/uploads\/2023\/03\/3.png 874w, https:\/\/gptagent.ai\/wp-content\/uploads\/2023\/03\/3-300x213.png 300w, https:\/\/gptagent.ai\/wp-content\/uploads\/2023\/03\/3-768x545.png 768w\" sizes=\"(max-width: 874px) 100vw, 874px\" \/><\/figure>\n<!-- \/wp:image --><\/div><\/div><\/div><\/div><\/div>\n<!-- \/wp:getwid\/section --><\/div>\n<!-- \/wp:column --><\/div>\n<!-- \/wp:columns --><\/div><\/div><\/div><\/div><\/div>\n<!-- \/wp:getwid\/section -->\u00dcr\u00fcn\u00fcm\u00fcz\u00fcn ger\u00e7ek bir \u00f6rnekle uygulanmas\u0131.<\/p>\n<!-- \/wp:paragraph -->\n\n<!-- wp:buttons {\"layout\":{\"type\":\"flex\",\"justifyContent\":\"center\"}} -->\n<div class=\"wp-block-buttons\"><!-- wp:button {\"backgroundColor\":\"secondary\",\"textColor\":\"textondark\"} -->\n<div class=\"wp-block-button\"><a class=\"wp-block-button__link has-textondark-color has-secondary-background-color has-text-color has-background wp-element-button\">\u041f\u0440\u043e\u0447\u0438\u0442\u0430\u0442\u044c<\/a><\/div>\n<!-- \/wp:button --><\/div>\n<!-- \/wp:buttons --><\/div><\/div><\/div><\/div><\/div>\n<!-- \/wp:getwid\/section --><\/div>\n<!-- \/wp:column -->\n\n<!-- wp:column -->\n<div class=\"wp-block-column\"><!-- wp:getwid\/section {\"skipLayout\":true} -->\n<div class=\"wp-block-getwid-section\"><div class=\"wp-block-getwid-section__wrapper\"><div class=\"wp-block-getwid-section__inner-wrapper\"><div class=\"wp-block-getwid-section__background-holder\"><div class=\"wp-block-getwid-section__background\"><\/div><div class=\"wp-block-getwid-section__foreground\"><\/div><\/div><div class=\"wp-block-getwid-section__content\"><div class=\"wp-block-getwid-section__inner-content\"><!-- wp:image {\"id\":325,\"sizeSlug\":\"full\",\"linkDestination\":\"none\",\"style\":{\"color\":{\"duotone\":[\"#000000\",\"#ffffff\"]}}} -->\n<figure class=\"wp-block-image size-full\"><img decoding=\"async\" width=\"874\" height=\"620\" src=\"https:\/\/gptagent.ai\/wp-content\/uploads\/2023\/03\/3.png\" alt=\"\" class=\"wp-image-325\" srcset=\"https:\/\/gptagent.ai\/wp-content\/uploads\/2023\/03\/3.png 874w, https:\/\/gptagent.ai\/wp-content\/uploads\/2023\/03\/3-300x213.png 300w, https:\/\/gptagent.ai\/wp-content\/uploads\/2023\/03\/3-768x545.png 768w\" sizes=\"(max-width: 874px) 100vw, 874px\" \/><\/figure>\n<!-- \/wp:image --><\/div><\/div><\/div><\/div><\/div>\n<!-- \/wp:getwid\/section --><\/div>\n<!-- \/wp:column -->\n\n<!-- wp:column -->\n<div class=\"wp-block-column\"><!-- wp:getwid\/section {\"skipLayout\":true} -->\n<div class=\"wp-block-getwid-section\"><div class=\"wp-block-getwid-section__wrapper\"><div class=\"wp-block-getwid-section__inner-wrapper\"><div class=\"wp-block-getwid-section__background-holder\"><div class=\"wp-block-getwid-section__background\"><\/div><div class=\"wp-block-getwid-section__foreground\"><\/div><\/div><div class=\"wp-block-getwid-section__content\"><div class=\"wp-block-getwid-section__inner-content\"><!-- wp:image {\"id\":325,\"sizeSlug\":\"full\",\"linkDestination\":\"none\",\"style\":{\"color\":{\"duotone\":[\"#000000\",\"#ffffff\"]}}} -->\n<figure class=\"wp-block-image size-full\"><img decoding=\"async\" width=\"874\" height=\"620\" src=\"https:\/\/gptagent.ai\/wp-content\/uploads\/2023\/03\/3.png\" alt=\"\" class=\"wp-image-325\" srcset=\"https:\/\/gptagent.ai\/wp-content\/uploads\/2023\/03\/3.png 874w, https:\/\/gptagent.ai\/wp-content\/uploads\/2023\/03\/3-300x213.png 300w, https:\/\/gptagent.ai\/wp-content\/uploads\/2023\/03\/3-768x545.png 768w\" sizes=\"(max-width: 874px) 100vw, 874px\" \/><\/figure>\n<!-- \/wp:image --><\/div><\/div><\/div><\/div><\/div>\n<!-- \/wp:getwid\/section --><\/div>\n<!-- \/wp:column -->\n\n<!-- wp:column -->\n<div class=\"wp-block-column\"><!-- wp:getwid\/section {\"skipLayout\":true} -->\n<div class=\"wp-block-getwid-section\"><div class=\"wp-block-getwid-section__wrapper\"><div class=\"wp-block-getwid-section__inner-wrapper\"><div class=\"wp-block-getwid-section__background-holder\"><div class=\"wp-block-getwid-section__background\"><\/div><div class=\"wp-block-getwid-section__foreground\"><\/div><\/div><div class=\"wp-block-getwid-section__content\"><div class=\"wp-block-getwid-section__inner-content\"><!-- wp:image {\"id\":325,\"sizeSlug\":\"full\",\"linkDestination\":\"none\",\"style\":{\"color\":{\"duotone\":[\"#000000\",\"#ffffff\"]}}} -->\n<figure class=\"wp-block-image size-full\"><img decoding=\"async\" width=\"874\" height=\"620\" src=\"https:\/\/gptagent.ai\/wp-content\/uploads\/2023\/03\/3.png\" alt=\"\" class=\"wp-image-325\" srcset=\"https:\/\/gptagent.ai\/wp-content\/uploads\/2023\/03\/3.png 874w, https:\/\/gptagent.ai\/wp-content\/uploads\/2023\/03\/3-300x213.png 300w, https:\/\/gptagent.ai\/wp-content\/uploads\/2023\/03\/3-768x545.png 768w\" sizes=\"(max-width: 874px) 100vw, 874px\" \/><\/figure>\n<!-- \/wp:image --><\/div><\/div><\/div><\/div><\/div>\n<!-- \/wp:getwid\/section --><\/div>\n<!-- \/wp:column --><\/div>\n<!-- \/wp:columns --><\/div><\/div><\/div><\/div><\/div>\n<!-- \/wp:getwid\/section -->","protected":false},"excerpt":{"rendered":"<p>\u0410\u0431\u0437\u0430\u0446 \u0442\u0435\u043a\u0441\u0442 \u0434\u043b\u044f \u043f\u0440\u043e\u0432\u0435\u0440\u043a\u0438 \u0448\u0438\u0440\u0438\u043d\u044b \u0441\u043e\u043e\u0431\u0449\u0435\u043d\u0438\u044f \u041f\u0440\u043e\u0447\u0438\u0442\u0430\u0442\u044c \u00dcr\u00fcn\u00fcm\u00fcz\u00fcn ger\u00e7ek bir \u00f6rnekle uygulanmas\u0131. \u041f\u0440\u043e\u0447\u0438\u0442\u0430\u0442\u044c<\/p>\n","protected":false},"author":4,"featured_media":0,"parent":0,"menu_order":0,"comment_status":"closed","ping_status":"closed","template":"","meta":{"footnotes":""},"class_list":["post-1524","page","type-page","status-publish","hentry"],"yoast_head":"<!-- This site is optimized with the Yoast SEO plugin v20.7 - https:\/\/yoast.com\/wordpress\/plugins\/seo\/ -->\n<title>\u0427\u0435\u0440\u043d\u043e\u0432\u0438\u043a - GPT-Agent: Virtual Business Consultant<\/title>\n<meta name=\"robots\" content=\"index, follow, max-snippet:-1, max-image-preview:large, max-video-preview:-1\" \/>\n<link rel=\"canonical\" href=\"https:\/\/gptagent.ai\/tr\/chernovik\/\" \/>\n<meta property=\"og:locale\" content=\"tr_TR\" \/>\n<meta property=\"og:type\" content=\"article\" \/>\n<meta property=\"og:title\" content=\"\u0427\u0435\u0440\u043d\u043e\u0432\u0438\u043a - GPT-Agent: Virtual Business Consultant\" \/>\n<meta property=\"og:description\" content=\"\u0410\u0431\u0437\u0430\u0446 \u0442\u0435\u043a\u0441\u0442 \u0434\u043b\u044f \u043f\u0440\u043e\u0432\u0435\u0440\u043a\u0438 \u0448\u0438\u0440\u0438\u043d\u044b \u0441\u043e\u043e\u0431\u0449\u0435\u043d\u0438\u044f \u041f\u0440\u043e\u0447\u0438\u0442\u0430\u0442\u044c \u00dcr\u00fcn\u00fcm\u00fcz\u00fcn ger\u00e7ek bir \u00f6rnekle uygulanmas\u0131. \u041f\u0440\u043e\u0447\u0438\u0442\u0430\u0442\u044c\" \/>\n<meta property=\"og:url\" content=\"https:\/\/gptagent.ai\/tr\/chernovik\/\" \/>\n<meta property=\"og:site_name\" content=\"GPT-Agent: Virtual Business Consultant\" \/>\n<meta property=\"article:modified_time\" content=\"2023-03-31T11:59:08+00:00\" \/>\n<meta property=\"og:image\" content=\"https:\/\/gptagent.ai\/wp-content\/uploads\/2023\/03\/3.png\" \/>\n<meta name=\"twitter:card\" content=\"summary_large_image\" \/>\n<script type=\"application\/ld+json\" class=\"yoast-schema-graph\">{\"@context\":\"https:\/\/schema.org\",\"@graph\":[{\"@type\":\"WebPage\",\"@id\":\"https:\/\/gptagent.ai\/tr\/chernovik\/\",\"url\":\"https:\/\/gptagent.ai\/tr\/chernovik\/\",\"name\":\"\u0427\u0435\u0440\u043d\u043e\u0432\u0438\u043a - GPT-Agent: Virtual Business Consultant\",\"isPartOf\":{\"@id\":\"https:\/\/gptagent.ai\/tr\/#website\"},\"datePublished\":\"2023-03-31T11:19:15+00:00\",\"dateModified\":\"2023-03-31T11:59:08+00:00\",\"breadcrumb\":{\"@id\":\"https:\/\/gptagent.ai\/tr\/chernovik\/#breadcrumb\"},\"inLanguage\":\"tr\",\"potentialAction\":[{\"@type\":\"ReadAction\",\"target\":[[\"https:\/\/gptagent.ai\/tr\/chernovik\/\"]]}]},{\"@type\":\"BreadcrumbList\",\"@id\":\"https:\/\/gptagent.ai\/tr\/chernovik\/#breadcrumb\",\"itemListElement\":[{\"@type\":\"ListItem\",\"position\":1,\"name\":\"\u0413\u043b\u0430\u0432\u043d\u0430\u044f \u0441\u0442\u0440\u0430\u043d\u0438\u0446\u0430\",\"item\":\"https:\/\/gptagent.ai\/tr\/\"},{\"@type\":\"ListItem\",\"position\":2,\"name\":\"\u0427\u0435\u0440\u043d\u043e\u0432\u0438\u043a\"}]},{\"@type\":\"WebSite\",\"@id\":\"https:\/\/gptagent.ai\/tr\/#website\",\"url\":\"https:\/\/gptagent.ai\/tr\/\",\"name\":\"GPT-Agent: Virtual Business Consultant\",\"description\":\"Intelligent bot. Support for voice and text in communication. Compatible with WP, Drupal, Wix, Tilda. Optimized for PC and mobile. Free connection, plans from $35\/mo.\",\"publisher\":{\"@id\":\"https:\/\/gptagent.ai\/tr\/#organization\"},\"potentialAction\":[{\"@type\":\"SearchAction\",\"target\":{\"@type\":\"EntryPoint\",\"urlTemplate\":\"https:\/\/gptagent.ai\/tr\/?s={search_term_string}\"},\"query-input\":\"required name=search_term_string\"}],\"inLanguage\":\"tr\"},{\"@type\":\"Organization\",\"@id\":\"https:\/\/gptagent.ai\/tr\/#organization\",\"name\":\"GPT-Agent: Virtual Business Consultant\",\"url\":\"https:\/\/gptagent.ai\/tr\/\",\"logo\":{\"@type\":\"ImageObject\",\"inLanguage\":\"tr\",\"@id\":\"https:\/\/gptagent.ai\/tr\/#\/schema\/logo\/image\/\",\"url\":\"https:\/\/gptagent.ai\/wp-content\/uploads\/2023\/06\/gpt-agentlogo.png\",\"contentUrl\":\"https:\/\/gptagent.ai\/wp-content\/uploads\/2023\/06\/gpt-agentlogo.png\",\"width\":250,\"height\":100,\"caption\":\"GPT-Agent: Virtual Business Consultant\"},\"image\":{\"@id\":\"https:\/\/gptagent.ai\/tr\/#\/schema\/logo\/image\/\"}}]}<\/script>\n<!-- \/ Yoast SEO plugin. -->","yoast_head_json":{"title":"\u0427\u0435\u0440\u043d\u043e\u0432\u0438\u043a - GPT-Agent: Virtual Business Consultant","robots":{"index":"index","follow":"follow","max-snippet":"max-snippet:-1","max-image-preview":"max-image-preview:large","max-video-preview":"max-video-preview:-1"},"canonical":"https:\/\/gptagent.ai\/tr\/chernovik\/","og_locale":"tr_TR","og_type":"article","og_title":"\u0427\u0435\u0440\u043d\u043e\u0432\u0438\u043a - GPT-Agent: Virtual Business Consultant","og_description":"\u0410\u0431\u0437\u0430\u0446 \u0442\u0435\u043a\u0441\u0442 \u0434\u043b\u044f \u043f\u0440\u043e\u0432\u0435\u0440\u043a\u0438 \u0448\u0438\u0440\u0438\u043d\u044b \u0441\u043e\u043e\u0431\u0449\u0435\u043d\u0438\u044f \u041f\u0440\u043e\u0447\u0438\u0442\u0430\u0442\u044c \u00dcr\u00fcn\u00fcm\u00fcz\u00fcn ger\u00e7ek bir \u00f6rnekle uygulanmas\u0131. \u041f\u0440\u043e\u0447\u0438\u0442\u0430\u0442\u044c","og_url":"https:\/\/gptagent.ai\/tr\/chernovik\/","og_site_name":"GPT-Agent: Virtual Business Consultant","article_modified_time":"2023-03-31T11:59:08+00:00","og_image":[{"url":"https:\/\/gptagent.ai\/wp-content\/uploads\/2023\/03\/3.png"}],"twitter_card":"summary_large_image","schema":{"@context":"https:\/\/schema.org","@graph":[{"@type":"WebPage","@id":"https:\/\/gptagent.ai\/tr\/chernovik\/","url":"https:\/\/gptagent.ai\/tr\/chernovik\/","name":"\u0427\u0435\u0440\u043d\u043e\u0432\u0438\u043a - GPT-Agent: Virtual Business Consultant","isPartOf":{"@id":"https:\/\/gptagent.ai\/tr\/#website"},"datePublished":"2023-03-31T11:19:15+00:00","dateModified":"2023-03-31T11:59:08+00:00","breadcrumb":{"@id":"https:\/\/gptagent.ai\/tr\/chernovik\/#breadcrumb"},"inLanguage":"tr","potentialAction":[{"@type":"ReadAction","target":[["https:\/\/gptagent.ai\/tr\/chernovik\/"]]}]},{"@type":"BreadcrumbList","@id":"https:\/\/gptagent.ai\/tr\/chernovik\/#breadcrumb","itemListElement":[{"@type":"ListItem","position":1,"name":"\u0413\u043b\u0430\u0432\u043d\u0430\u044f \u0441\u0442\u0440\u0430\u043d\u0438\u0446\u0430","item":"https:\/\/gptagent.ai\/tr\/"},{"@type":"ListItem","position":2,"name":"\u0427\u0435\u0440\u043d\u043e\u0432\u0438\u043a"}]},{"@type":"WebSite","@id":"https:\/\/gptagent.ai\/tr\/#website","url":"https:\/\/gptagent.ai\/tr\/","name":"GPT-Agent: Virtual Business Consultant","description":"Intelligent bot. Support for voice and text in communication. Compatible with WP, Drupal, Wix, Tilda. Optimized for PC and mobile. Free connection, plans from $35\/mo.","publisher":{"@id":"https:\/\/gptagent.ai\/tr\/#organization"},"potentialAction":[{"@type":"SearchAction","target":{"@type":"EntryPoint","urlTemplate":"https:\/\/gptagent.ai\/tr\/?s={search_term_string}"},"query-input":"required name=search_term_string"}],"inLanguage":"tr"},{"@type":"Organization","@id":"https:\/\/gptagent.ai\/tr\/#organization","name":"GPT-Agent: Virtual Business Consultant","url":"https:\/\/gptagent.ai\/tr\/","logo":{"@type":"ImageObject","inLanguage":"tr","@id":"https:\/\/gptagent.ai\/tr\/#\/schema\/logo\/image\/","url":"https:\/\/gptagent.ai\/wp-content\/uploads\/2023\/06\/gpt-agentlogo.png","contentUrl":"https:\/\/gptagent.ai\/wp-content\/uploads\/2023\/06\/gpt-agentlogo.png","width":250,"height":100,"caption":"GPT-Agent: Virtual Business Consultant"},"image":{"@id":"https:\/\/gptagent.ai\/tr\/#\/schema\/logo\/image\/"}}]}},"_links":{"self":[{"href":"https:\/\/gptagent.ai\/tr\/wp-json\/wp\/v2\/pages\/1524","targetHints":{"allow":["GET"]}}],"collection":[{"href":"https:\/\/gptagent.ai\/tr\/wp-json\/wp\/v2\/pages"}],"about":[{"href":"https:\/\/gptagent.ai\/tr\/wp-json\/wp\/v2\/types\/page"}],"author":[{"embeddable":true,"href":"https:\/\/gptagent.ai\/tr\/wp-json\/wp\/v2\/users\/4"}],"replies":[{"embeddable":true,"href":"https:\/\/gptagent.ai\/tr\/wp-json\/wp\/v2\/comments?post=1524"}],"version-history":[{"count":0,"href":"https:\/\/gptagent.ai\/tr\/wp-json\/wp\/v2\/pages\/1524\/revisions"}],"wp:attachment":[{"href":"https:\/\/gptagent.ai\/tr\/wp-json\/wp\/v2\/media?parent=1524"}],"curies":[{"name":"wp","href":"https:\/\/api.w.org\/{rel}","templated":true}]}}